{"id":480,"date":"2017-10-11T11:46:30","date_gmt":"2017-10-11T09:46:30","guid":{"rendered":"http:\/\/mdmempreendimentos.com.br\/o-grupo\/"},"modified":"2018-07-20T17:01:45","modified_gmt":"2018-07-20T15:01:45","slug":"il-gruppo","status":"publish","type":"page","link":"https:\/\/mdmempreendimentos.com.br\/it\/il-gruppo\/","title":{"rendered":"Il Gruppo"},"content":{"rendered":"[vc_row type=&#8221;full_width_background&#8221; full_screen_row_position=&#8221;top&#8221; scene_position=&#8221;center&#8221; text_color=&#8221;dark&#8221; text_align=&#8221;left&#8221; overlay_strength=&#8221;0.3&#8243;][vc_column column_padding=&#8221;no-extra-padding&#8221; column_padding_position=&#8221;all&#8221; background_color_opacity=&#8221;1&#8243; background_hover_color_opacity=&#8221;1&#8243; column_shadow=&#8221;none&#8221; width=&#8221;1\/1&#8243; tablet_text_alignment=&#8221;default&#8221; phone_text_alignment=&#8221;default&#8221; column_border_width=&#8221;none&#8221; column_border_style=&#8221;solid&#8221;]<div class=\"divider-wrap\"><div style=\"height: 100px;\" class=\"divider\"><\/div><\/div>[vc_row_inner column_margin=&#8221;default&#8221; bottom_padding=&#8221;60&#8243; text_align=&#8221;left&#8221;][vc_column_inner column_padding=&#8221;no-extra-padding&#8221; column_padding_position=&#8221;all&#8221; background_color_opacity=&#8221;1&#8243; width=&#8221;1\/2&#8243; column_border_width=&#8221;none&#8221; column_border_style=&#8221;solid&#8221;][vc_column_text el_class=&#8221;accent-text&#8221;]\n<h1>La forza di un Gruppo<\/h1>\n[\/vc_column_text]<div class=\"divider-wrap\"><div style=\"height: 40px;\" class=\"divider\"><\/div><\/div>[vc_column_text]L\u2019Italia \u00e8 un luogo unico e affascinante dove coesistono storie magiche e conoscenze antiche. Da questa ricchezza nascono l\u2019entusiasmo e la passione all\u2019origine dei prodotti di qualit\u00e0 del\u00a0<strong>Gruppo Dino Zoli<\/strong>.[\/vc_column_text][\/vc_column_inner][vc_column_inner column_padding=&#8221;no-extra-padding&#8221; column_padding_position=&#8221;all&#8221; background_color_opacity=&#8221;1&#8243; width=&#8221;1\/2&#8243; column_border_width=&#8221;none&#8221; column_border_style=&#8221;solid&#8221;][\/vc_column_inner][\/vc_row_inner][\/vc_column][\/vc_row][vc_row type=&#8221;in_container&#8221; full_screen_row_position=&#8221;middle&#8221; scene_position=&#8221;center&#8221; text_color=&#8221;dark&#8221; text_align=&#8221;left&#8221; id=&#8221;gruppo&#8221; overlay_strength=&#8221;0.3&#8243;][vc_column column_padding=&#8221;no-extra-padding&#8221; column_padding_position=&#8221;all&#8221; background_color_opacity=&#8221;1&#8243; background_hover_color_opacity=&#8221;1&#8243; column_shadow=&#8221;none&#8221; width=&#8221;1\/3&#8243; tablet_text_alignment=&#8221;default&#8221; phone_text_alignment=&#8221;default&#8221; column_border_width=&#8221;none&#8221; column_border_style=&#8221;solid&#8221;]<div class=\"img-with-aniamtion-wrap \" data-max-width=\"100%\"><div class=\"inner\"><a href=\"http:\/\/www.dinozoli.it\" target=\"_blank\" class=\"\"><img data-shadow=\"none\" data-shadow-direction=\"middle\" class=\"img-with-animation \" data-delay=\"0\" height=\"250\" width=\"250\" data-animation=\"none\" src=\"https:\/\/mdmempreendimentos.com.br\/wp-content\/uploads\/2017\/10\/logoDZtextile.jpg\" srcset=\"https:\/\/mdmempreendimentos.com.br\/wp-content\/uploads\/2017\/10\/logoDZtextile.jpg 250w, https:\/\/mdmempreendimentos.com.br\/wp-content\/uploads\/2017\/10\/logoDZtextile-150x150.jpg 150w, https:\/\/mdmempreendimentos.com.br\/wp-content\/uploads\/2017\/10\/logoDZtextile-100x100.jpg 100w\" sizes=\"100vw\" alt=\"\" \/><\/a><\/div><\/div><div class=\"toggles \" data-style=\"minimal\"><div class=\"toggle accent-color\"><h3><a href=\"#\"><i class=\"icon-plus-sign\"><\/i>ZOLI DINO &amp; C SRL<\/a><\/h3><div>[vc_column_text]Dal 1972 la passione per il tessuto di arredamento, le possibilit\u00e0 colte di sviluppo tecnologico, la ricerca di nuove identit\u00e0 produttive e commerciali, la vocazione al servizio caratterizzano un\u2019impresa innovativa, all\u2019avanguardia per logiche di produzione e commercializzazione.[\/vc_column_text]<\/div><\/div><\/div>[\/vc_column][vc_column column_padding=&#8221;no-extra-padding&#8221; column_padding_position=&#8221;all&#8221; background_color_opacity=&#8221;1&#8243; background_hover_color_opacity=&#8221;1&#8243; column_shadow=&#8221;none&#8221; width=&#8221;1\/3&#8243; tablet_text_alignment=&#8221;default&#8221; phone_text_alignment=&#8221;default&#8221; column_border_width=&#8221;none&#8221; column_border_style=&#8221;solid&#8221;]<div class=\"img-with-aniamtion-wrap \" data-max-width=\"100%\"><div class=\"inner\"><a href=\"http:\/\/dinozolibrasil.com.br\/\" target=\"_blank\" class=\"\"><img data-shadow=\"none\" data-shadow-direction=\"middle\" class=\"img-with-animation \" data-delay=\"0\" height=\"250\" width=\"250\" data-animation=\"none\" src=\"https:\/\/mdmempreendimentos.com.br\/wp-content\/uploads\/2017\/10\/DZ-Brasil-colore.jpg\" srcset=\"https:\/\/mdmempreendimentos.com.br\/wp-content\/uploads\/2017\/10\/DZ-Brasil-colore.jpg 250w, https:\/\/mdmempreendimentos.com.br\/wp-content\/uploads\/2017\/10\/DZ-Brasil-colore-150x150.jpg 150w, https:\/\/mdmempreendimentos.com.br\/wp-content\/uploads\/2017\/10\/DZ-Brasil-colore-100x100.jpg 100w\" sizes=\"100vw\" alt=\"\" \/><\/a><\/div><\/div><div class=\"toggles \" data-style=\"minimal\"><div class=\"toggle accent-color\"><h3><a href=\"#\"><i class=\"icon-plus-sign\"><\/i>DINO ZOLI BRASIL<\/a><\/h3><div>[vc_column_text]Dal 1994 unisce la garanzia della qualit\u00e0 e della tradizione Made in Italy ad un servizio superiore nel settore dei tessuti per la decorazione in Brasile. Sfruttando il know-how della casa madre italiana, accumulato in oltre 45 anni di esperienza, sviluppa e propone collezioni innovative e di tendenza.[\/vc_column_text]<\/div><\/div><\/div>[\/vc_column][vc_column column_padding=&#8221;no-extra-padding&#8221; column_padding_position=&#8221;all&#8221; background_color_opacity=&#8221;1&#8243; background_hover_color_opacity=&#8221;1&#8243; column_shadow=&#8221;none&#8221; width=&#8221;1\/3&#8243; tablet_text_alignment=&#8221;default&#8221; phone_text_alignment=&#8221;default&#8221; column_border_width=&#8221;none&#8221; column_border_style=&#8221;solid&#8221;]<div class=\"img-with-aniamtion-wrap \" data-max-width=\"100%\"><div class=\"inner\"><img data-shadow=\"none\" data-shadow-direction=\"middle\" class=\"img-with-animation \" data-delay=\"0\" height=\"250\" width=\"250\" data-animation=\"none\" src=\"https:\/\/mdmempreendimentos.com.br\/wp-content\/uploads\/2017\/10\/DZ-Glulam-colore.jpg\" srcset=\"https:\/\/mdmempreendimentos.com.br\/wp-content\/uploads\/2017\/10\/DZ-Glulam-colore.jpg 250w, https:\/\/mdmempreendimentos.com.br\/wp-content\/uploads\/2017\/10\/DZ-Glulam-colore-150x150.jpg 150w, https:\/\/mdmempreendimentos.com.br\/wp-content\/uploads\/2017\/10\/DZ-Glulam-colore-100x100.jpg 100w\" sizes=\"100vw\" alt=\"\" \/><\/div><\/div><div class=\"toggles \" data-style=\"minimal\"><div class=\"toggle accent-color\"><h3><a href=\"#\"><i class=\"icon-plus-sign\"><\/i>GLULAM SRL<\/a><\/h3><div>[vc_column_text]Ricerca e commercializza tessuti tecnici ad elevata performance con costante attenzione all\u2019innovazione e alla creativit\u00e0 italiana.[\/vc_column_text]<\/div><\/div><\/div>[\/vc_column][\/vc_row][vc_row type=&#8221;in_container&#8221; full_screen_row_position=&#8221;middle&#8221; scene_position=&#8221;center&#8221; text_color=&#8221;dark&#8221; text_align=&#8221;left&#8221; id=&#8221;gruppo&#8221; overlay_strength=&#8221;0.3&#8243;][vc_column column_padding=&#8221;no-extra-padding&#8221; column_padding_position=&#8221;all&#8221; background_color_opacity=&#8221;1&#8243; background_hover_color_opacity=&#8221;1&#8243; column_shadow=&#8221;none&#8221; width=&#8221;1\/3&#8243; tablet_text_alignment=&#8221;default&#8221; phone_text_alignment=&#8221;default&#8221; column_border_width=&#8221;none&#8221; column_border_style=&#8221;solid&#8221;]<div class=\"img-with-aniamtion-wrap \" data-max-width=\"100%\"><div class=\"inner\"><a href=\"http:\/\/fondazionedinozoli.com\" target=\"_blank\" class=\"\"><img data-shadow=\"none\" data-shadow-direction=\"middle\" class=\"img-with-animation \" data-delay=\"0\" height=\"250\" width=\"250\" data-animation=\"none\" src=\"https:\/\/mdmempreendimentos.com.br\/wp-content\/uploads\/2017\/10\/DZ-Fondazione-colore.jpg\" srcset=\"https:\/\/mdmempreendimentos.com.br\/wp-content\/uploads\/2017\/10\/DZ-Fondazione-colore.jpg 250w, https:\/\/mdmempreendimentos.com.br\/wp-content\/uploads\/2017\/10\/DZ-Fondazione-colore-150x150.jpg 150w, https:\/\/mdmempreendimentos.com.br\/wp-content\/uploads\/2017\/10\/DZ-Fondazione-colore-100x100.jpg 100w\" sizes=\"100vw\" alt=\"\" \/><\/a><\/div><\/div><div class=\"toggles \" data-style=\"minimal\"><div class=\"toggle accent-color\"><h3><a href=\"#\"><i class=\"icon-plus-sign\"><\/i>FONDAZIONE DINO ZOLI<\/a><\/h3><div>[vc_column_text]Ente privato senza finalit\u00e0 di lucro che promuove in Italia e all\u2019estero artisti, eventi culturali, educativi e scientifici ponendo particolare attenzione a temi sociali e ambientali. E\u2019 il motore culturale delle attivit\u00e0 imprenditoriali del Gruppo Dino Zoli.[\/vc_column_text]<\/div><\/div><\/div>[\/vc_column][vc_column column_padding=&#8221;no-extra-padding&#8221; column_padding_position=&#8221;all&#8221; background_color_opacity=&#8221;1&#8243; background_hover_color_opacity=&#8221;1&#8243; column_shadow=&#8221;none&#8221; width=&#8221;1\/3&#8243; tablet_text_alignment=&#8221;default&#8221; phone_text_alignment=&#8221;default&#8221; column_border_width=&#8221;none&#8221; column_border_style=&#8221;solid&#8221;]<div class=\"img-with-aniamtion-wrap \" data-max-width=\"100%\"><div class=\"inner\"><img data-shadow=\"none\" data-shadow-direction=\"middle\" class=\"img-with-animation \" data-delay=\"0\" height=\"250\" width=\"250\" data-animation=\"none\" src=\"https:\/\/mdmempreendimentos.com.br\/wp-content\/uploads\/2017\/10\/DZ-Arte-colore-1.jpg\" srcset=\"https:\/\/mdmempreendimentos.com.br\/wp-content\/uploads\/2017\/10\/DZ-Arte-colore-1.jpg 250w, https:\/\/mdmempreendimentos.com.br\/wp-content\/uploads\/2017\/10\/DZ-Arte-colore-1-150x150.jpg 150w, https:\/\/mdmempreendimentos.com.br\/wp-content\/uploads\/2017\/10\/DZ-Arte-colore-1-100x100.jpg 100w\" sizes=\"100vw\" alt=\"\" \/><\/div><\/div><div class=\"toggles \" data-style=\"minimal\"><div class=\"toggle accent-color\"><h3><a href=\"#\"><i class=\"icon-plus-sign\"><\/i>DINO ZOLI ARTE SRL<\/a><\/h3><div>[vc_column_text][\/vc_column_text]<\/div><\/div><\/div>[\/vc_column][vc_column column_padding=&#8221;no-extra-padding&#8221; column_padding_position=&#8221;all&#8221; background_color_opacity=&#8221;1&#8243; background_hover_color_opacity=&#8221;1&#8243; column_shadow=&#8221;none&#8221; width=&#8221;1\/3&#8243; tablet_text_alignment=&#8221;default&#8221; phone_text_alignment=&#8221;default&#8221; column_border_width=&#8221;none&#8221; column_border_style=&#8221;solid&#8221;]<div class=\"img-with-aniamtion-wrap \" data-max-width=\"100%\"><div class=\"inner\"><a href=\"http:\/\/www.dz-e.com\/it\/\" target=\"_blank\" class=\"\"><img data-shadow=\"none\" data-shadow-direction=\"middle\" class=\"img-with-animation \" data-delay=\"0\" height=\"250\" width=\"250\" data-animation=\"none\" src=\"https:\/\/mdmempreendimentos.com.br\/wp-content\/uploads\/2017\/10\/logoDZengineering.jpg\" srcset=\"https:\/\/mdmempreendimentos.com.br\/wp-content\/uploads\/2017\/10\/logoDZengineering.jpg 250w, https:\/\/mdmempreendimentos.com.br\/wp-content\/uploads\/2017\/10\/logoDZengineering-150x150.jpg 150w, https:\/\/mdmempreendimentos.com.br\/wp-content\/uploads\/2017\/10\/logoDZengineering-100x100.jpg 100w\" sizes=\"100vw\" alt=\"\" \/><\/a><\/div><\/div><div class=\"toggles \" data-style=\"minimal\"><div class=\"toggle accent-color\"><h3><a href=\"#\"><i class=\"icon-plus-sign\"><\/i>DZ ENGINEERING SRL<\/a><\/h3><div>[vc_column_text]Progetta e realizza sistemi integrati di Illuminazione, Telecomunicazione e Audiovisivi sia in Italia che all\u2019estero con soluzioni di altissima qualit\u00e0 ed elevato contenuto tecnologico.[\/vc_column_text]<\/div><\/div><\/div>[\/vc_column][\/vc_row][vc_row type=&#8221;in_container&#8221; full_screen_row_position=&#8221;middle&#8221; scene_position=&#8221;center&#8221; text_color=&#8221;dark&#8221; text_align=&#8221;left&#8221; id=&#8221;gruppo&#8221; overlay_strength=&#8221;0.3&#8243;][vc_column column_padding=&#8221;no-extra-padding&#8221; column_padding_position=&#8221;all&#8221; background_color_opacity=&#8221;1&#8243; background_hover_color_opacity=&#8221;1&#8243; column_shadow=&#8221;none&#8221; width=&#8221;1\/3&#8243; tablet_text_alignment=&#8221;default&#8221; phone_text_alignment=&#8221;default&#8221; column_border_width=&#8221;none&#8221; column_border_style=&#8221;solid&#8221;]<div class=\"img-with-aniamtion-wrap \" data-max-width=\"100%\"><div class=\"inner\"><img data-shadow=\"none\" data-shadow-direction=\"middle\" class=\"img-with-animation \" data-delay=\"0\" height=\"250\" width=\"250\" data-animation=\"none\" src=\"https:\/\/mdmempreendimentos.com.br\/wp-content\/uploads\/2017\/10\/logoDZ-immobiliareDMU.jpg\" srcset=\"https:\/\/mdmempreendimentos.com.br\/wp-content\/uploads\/2017\/10\/logoDZ-immobiliareDMU.jpg 250w, https:\/\/mdmempreendimentos.com.br\/wp-content\/uploads\/2017\/10\/logoDZ-immobiliareDMU-150x150.jpg 150w, https:\/\/mdmempreendimentos.com.br\/wp-content\/uploads\/2017\/10\/logoDZ-immobiliareDMU-100x100.jpg 100w\" sizes=\"100vw\" alt=\"\" \/><\/div><\/div><div class=\"toggles \" data-style=\"minimal\"><div class=\"toggle accent-color\"><h3><a href=\"#\"><i class=\"icon-plus-sign\"><\/i>IMMOBILIARE DMU SNC<\/a><\/h3><div>[vc_column_text][\/vc_column_text]<\/div><\/div><\/div>[\/vc_column][vc_column column_padding=&#8221;no-extra-padding&#8221; column_padding_position=&#8221;all&#8221; background_color_opacity=&#8221;1&#8243; background_hover_color_opacity=&#8221;1&#8243; column_shadow=&#8221;none&#8221; width=&#8221;1\/3&#8243; tablet_text_alignment=&#8221;default&#8221; phone_text_alignment=&#8221;default&#8221; column_border_width=&#8221;none&#8221; column_border_style=&#8221;solid&#8221;]<div class=\"img-with-aniamtion-wrap \" data-max-width=\"100%\"><div class=\"inner\"><img data-shadow=\"none\" data-shadow-direction=\"middle\" class=\"img-with-animation \" data-delay=\"0\" height=\"250\" width=\"250\" data-animation=\"none\" src=\"https:\/\/mdmempreendimentos.com.br\/wp-content\/uploads\/2017\/10\/logoDZ-immobiliareBelvedere.jpg\" srcset=\"https:\/\/mdmempreendimentos.com.br\/wp-content\/uploads\/2017\/10\/logoDZ-immobiliareBelvedere.jpg 250w, https:\/\/mdmempreendimentos.com.br\/wp-content\/uploads\/2017\/10\/logoDZ-immobiliareBelvedere-150x150.jpg 150w, https:\/\/mdmempreendimentos.com.br\/wp-content\/uploads\/2017\/10\/logoDZ-immobiliareBelvedere-100x100.jpg 100w\" sizes=\"100vw\" alt=\"\" \/><\/div><\/div><div class=\"toggles \" data-style=\"minimal\"><div class=\"toggle accent-color\"><h3><a href=\"#\"><i class=\"icon-plus-sign\"><\/i>IMMOBILIARE BELVEDERE SRL<\/a><\/h3><div>[vc_column_text][\/vc_column_text]<\/div><\/div><\/div>[\/vc_column][vc_column column_padding=&#8221;no-extra-padding&#8221; column_padding_position=&#8221;all&#8221; background_color_opacity=&#8221;1&#8243; background_hover_color_opacity=&#8221;1&#8243; column_shadow=&#8221;none&#8221; width=&#8221;1\/3&#8243; tablet_text_alignment=&#8221;default&#8221; phone_text_alignment=&#8221;default&#8221; column_border_width=&#8221;none&#8221; column_border_style=&#8221;solid&#8221;]<div class=\"img-with-aniamtion-wrap \" data-max-width=\"100%\"><div class=\"inner\"><img data-shadow=\"none\" data-shadow-direction=\"middle\" class=\"img-with-animation \" data-delay=\"0\" height=\"250\" width=\"250\" data-animation=\"none\" src=\"https:\/\/mdmempreendimentos.com.br\/wp-content\/uploads\/2017\/10\/DZ-MDM-colore.jpg\" srcset=\"https:\/\/mdmempreendimentos.com.br\/wp-content\/uploads\/2017\/10\/DZ-MDM-colore.jpg 250w, https:\/\/mdmempreendimentos.com.br\/wp-content\/uploads\/2017\/10\/DZ-MDM-colore-150x150.jpg 150w, https:\/\/mdmempreendimentos.com.br\/wp-content\/uploads\/2017\/10\/DZ-MDM-colore-100x100.jpg 100w\" sizes=\"100vw\" alt=\"\" \/><\/div><\/div><div class=\"toggles \" data-style=\"minimal\"><div class=\"toggle accent-color\"><h3><a href=\"#\"><i class=\"icon-plus-sign\"><\/i>MDM Empreendimentos<\/a><\/h3><div>[vc_column_text]MDM \u00e8 un\u2019azienda che sviluppa, progetta ed esegue lotti residenziali, offrendo ai propri clienti sicurezza e qualit\u00e0 della vita, in posizioni privilegiate e in armonia con la natura.[\/vc_column_text]<\/div><\/div><\/div>[\/vc_column][\/vc_row][vc_row type=&#8221;in_container&#8221; full_screen_row_position=&#8221;middle&#8221; scene_position=&#8221;center&#8221; text_color=&#8221;dark&#8221; text_align=&#8221;left&#8221; id=&#8221;gruppo&#8221; overlay_strength=&#8221;0.3&#8243;][vc_column column_padding=&#8221;no-extra-padding&#8221; column_padding_position=&#8221;all&#8221; background_color_opacity=&#8221;1&#8243; background_hover_color_opacity=&#8221;1&#8243; column_shadow=&#8221;none&#8221; width=&#8221;1\/3&#8243; tablet_text_alignment=&#8221;default&#8221; phone_text_alignment=&#8221;default&#8221; column_border_width=&#8221;none&#8221; column_border_style=&#8221;solid&#8221;]<div class=\"img-with-aniamtion-wrap \" data-max-width=\"100%\"><div class=\"inner\"><img data-shadow=\"none\" data-shadow-direction=\"middle\" class=\"img-with-animation \" data-delay=\"0\" height=\"249\" width=\"250\" data-animation=\"none\" src=\"https:\/\/mdmempreendimentos.com.br\/wp-content\/uploads\/2017\/10\/DZ-Dino-colore.jpg\" srcset=\"https:\/\/mdmempreendimentos.com.br\/wp-content\/uploads\/2017\/10\/DZ-Dino-colore.jpg 250w, https:\/\/mdmempreendimentos.com.br\/wp-content\/uploads\/2017\/10\/DZ-Dino-colore-150x150.jpg 150w, https:\/\/mdmempreendimentos.com.br\/wp-content\/uploads\/2017\/10\/DZ-Dino-colore-100x100.jpg 100w\" sizes=\"100vw\" alt=\"\" \/><\/div><\/div><div class=\"toggles \" data-style=\"minimal\"><div class=\"toggle accent-color\"><h3><a href=\"#\"><i class=\"icon-plus-sign\"><\/i>DINO ITALIAN WINE &amp; FOOD SRL<\/a><\/h3><div>[vc_column_text]Food and Beverage di eccellenza italiana esportata in tutto il mondo, questo il core-business della DINO.[\/vc_column_text]<\/div><\/div><\/div>[\/vc_column][vc_column column_padding=&#8221;no-extra-padding&#8221; column_padding_position=&#8221;all&#8221; background_color_opacity=&#8221;1&#8243; background_hover_color_opacity=&#8221;1&#8243; column_shadow=&#8221;none&#8221; width=&#8221;1\/3&#8243; tablet_text_alignment=&#8221;default&#8221; phone_text_alignment=&#8221;default&#8221; column_border_width=&#8221;none&#8221; column_border_style=&#8221;solid&#8221;]<div class=\"img-with-aniamtion-wrap \" data-max-width=\"100%\"><div class=\"inner\"><a href=\"http:\/\/www.isabbioni.it\/\" target=\"_blank\" class=\"\"><img data-shadow=\"none\" data-shadow-direction=\"middle\" class=\"img-with-animation \" data-delay=\"0\" height=\"250\" width=\"250\" data-animation=\"none\" src=\"https:\/\/mdmempreendimentos.com.br\/wp-content\/uploads\/2017\/10\/DZ-Sabbioni-colore.jpg\" srcset=\"https:\/\/mdmempreendimentos.com.br\/wp-content\/uploads\/2017\/10\/DZ-Sabbioni-colore.jpg 250w, https:\/\/mdmempreendimentos.com.br\/wp-content\/uploads\/2017\/10\/DZ-Sabbioni-colore-150x150.jpg 150w, https:\/\/mdmempreendimentos.com.br\/wp-content\/uploads\/2017\/10\/DZ-Sabbioni-colore-100x100.jpg 100w\" sizes=\"100vw\" alt=\"\" \/><\/a><\/div><\/div><div class=\"toggles \" data-style=\"minimal\"><div class=\"toggle accent-color\"><h3><a href=\"#\"><i class=\"icon-plus-sign\"><\/i>SOCIET\u00c0 AGRICOLA I SABBIONI S.S.<\/a><\/h3><div>[vc_column_text]Nelle sabbie delle colline fra Forl\u00ec e Faenza sono sapientemente coltivate le piante di uva Sangiovese e di ulivo della Societ\u00e0 Agricola I SABBIONI. I vini e l&#8217;EVO prodotti ricavano da queste sabbie valori come unicit\u00e0, eleganza e immediatezza.[\/vc_column_text]<\/div><\/div><\/div>[\/vc_column][vc_column column_padding=&#8221;no-extra-padding&#8221; column_padding_position=&#8221;all&#8221; background_color_opacity=&#8221;1&#8243; background_hover_color_opacity=&#8221;1&#8243; column_shadow=&#8221;none&#8221; width=&#8221;1\/3&#8243; tablet_text_alignment=&#8221;default&#8221; phone_text_alignment=&#8221;default&#8221; column_border_width=&#8221;none&#8221; column_border_style=&#8221;solid&#8221;][\/vc_column][\/vc_row]\n","protected":false},"excerpt":{"rendered":"<p>[vc_row type=&#8221;full_width_background&#8221; full_screen_row_position=&#8221;top&#8221; scene_position=&#8221;center&#8221; text_color=&#8221;dark&#8221; text_align=&#8221;left&#8221; overlay_strength=&#8221;0.3&#8243;][vc_column column_padding=&#8221;no-extra-padding&#8221; column_padding_position=&#8221;all&#8221; background_color_opacity=&#8221;1&#8243; background_hover_color_opacity=&#8221;1&#8243; column_shadow=&#8221;none&#8221; width=&#8221;1\/1&#8243; tablet_text_alignment=&#8221;default&#8221; phone_text_alignment=&#8221;default&#8221; column_border_width=&#8221;none&#8221; column_border_style=&#8221;solid&#8221;][vc_row_inner column_margin=&#8221;default&#8221; bottom_padding=&#8221;60&#8243; text_align=&#8221;left&#8221;][vc_column_inner column_padding=&#8221;no-extra-padding&#8221; column_padding_position=&#8221;all&#8221; background_color_opacity=&#8221;1&#8243; width=&#8221;1\/2&#8243; column_border_width=&#8221;none&#8221; column_border_style=&#8221;solid&#8221;][vc_column_text el_class=&#8221;accent-text&#8221;] La forza di&#8230;<\/p>\n","protected":false},"author":2,"featured_media":0,"parent":0,"menu_order":0,"comment_status":"closed","ping_status":"closed","template":"","meta":[],"_links":{"self":[{"href":"https:\/\/mdmempreendimentos.com.br\/it\/wp-json\/wp\/v2\/pages\/480"}],"collection":[{"href":"https:\/\/mdmempreendimentos.com.br\/it\/wp-json\/wp\/v2\/pages"}],"about":[{"href":"https:\/\/mdmempreendimentos.com.br\/it\/wp-json\/wp\/v2\/types\/page"}],"author":[{"embeddable":true,"href":"https:\/\/mdmempreendimentos.com.br\/it\/wp-json\/wp\/v2\/users\/2"}],"replies":[{"embeddable":true,"href":"https:\/\/mdmempreendimentos.com.br\/it\/wp-json\/wp\/v2\/comments?post=480"}],"version-history":[{"count":11,"href":"https:\/\/mdmempreendimentos.com.br\/it\/wp-json\/wp\/v2\/pages\/480\/revisions"}],"predecessor-version":[{"id":593,"href":"https:\/\/mdmempreendimentos.com.br\/it\/wp-json\/wp\/v2\/pages\/480\/revisions\/593"}],"wp:attachment":[{"href":"https:\/\/mdmempreendimentos.com.br\/it\/wp-json\/wp\/v2\/media?parent=480"}],"curies":[{"name":"wp","href":"https:\/\/api.w.org\/{rel}","templated":true}]}}